{"id":1184,"date":"2025-03-05T11:18:15","date_gmt":"2025-03-05T09:18:15","guid":{"rendered":"https:\/\/flameofflower.md\/?page_id=1184"},"modified":"2025-03-05T11:26:51","modified_gmt":"2025-03-05T09:26:51","slug":"payment-info","status":"publish","type":"page","link":"https:\/\/flameofflower.md\/en\/payment-info\/","title":{"rendered":"Payment Info"},"content":{"rendered":"<div class=\"container section-title-container\" ><h3 class=\"section-title section-title-normal\"><b><\/b><span class=\"section-title-main\" >Informa\u021bii despre plat\u0103<\/span><b><\/b><\/h3><\/div>\n\n<div class=\"row\"  id=\"row-313979682\">\n\n\n\t<div id=\"col-1582686293\" class=\"col medium-6 small-12 large-6\"  >\n\t\t\t\t<div class=\"col-inner\"  >\n\t\t\t\n\t\t\t\n\n<h3>Metode de plat\u0103 disponibile:<\/h3>\n<p>Accept\u0103m pl\u0103\u021bi prin <strong>Visa, MasterCard<\/strong> \u0219i <strong>Paynet<\/strong>. Toate tranzac\u021biile sunt procesate \u00een siguran\u021b\u0103 prin serviciul <strong>Paynet<\/strong>, asigur\u00e2nd o experien\u021b\u0103 rapid\u0103 \u0219i fiabil\u0103.<\/p>\n<p>\u00cen cazul oric\u0103ror probleme legate de plat\u0103, v\u0103 rug\u0103m s\u0103 ne contacta\u021bi la num\u0103rul de telefon: +3739123312.<\/p>\n\n\t\t<\/div>\n\t\t\t\t\t<\/div>\n\n\t\n\n\t<div id=\"col-1227666832\" class=\"col medium-6 small-12 large-6\"  >\n\t\t\t\t<div class=\"col-inner\"  >\n\t\t\t\n\t\t\t\n\n\t<div class=\"img has-hover x md-x lg-x y md-y lg-y\" id=\"image_403978766\">\n\t\t\t\t\t\t\t\t<div class=\"img-inner dark\" >\n\t\t\t<img loading=\"lazy\" decoding=\"async\" width=\"800\" height=\"113\" src=\"https:\/\/flameofflower.md\/wp-content\/uploads\/2025\/02\/Frame-52-800x113.png\" class=\"attachment-medium size-medium\" alt=\"\" srcset=\"https:\/\/flameofflower.md\/wp-content\/uploads\/2025\/02\/Frame-52-800x113.png 800w, https:\/\/flameofflower.md\/wp-content\/uploads\/2025\/02\/Frame-52-768x109.png 768w, https:\/\/flameofflower.md\/wp-content\/uploads\/2025\/02\/Frame-52-18x3.png 18w, https:\/\/flameofflower.md\/wp-content\/uploads\/2025\/02\/Frame-52-600x85.png 600w, https:\/\/flameofflower.md\/wp-content\/uploads\/2025\/02\/Frame-52.png 1005w\" sizes=\"auto, (max-width: 800px) 100vw, 800px\" \/>\t\t\t\t\t\t\n\t\t\t\t\t<\/div>\n\t\t\t\t\t\t\t\t\n<style>\n#image_403978766 {\n  width: 100%;\n}\n<\/style>\n\t<\/div>\n\t\n\n\n\t\t<\/div>\n\t\t\t\t\t<\/div>\n\n\t\n\n<\/div>","protected":false},"excerpt":{"rendered":"","protected":false},"author":1,"featured_media":0,"parent":0,"menu_order":0,"comment_status":"closed","ping_status":"closed","template":"","meta":{"footnotes":""},"class_list":["post-1184","page","type-page","status-publish","hentry"],"jetpack_sharing_enabled":true,"_links":{"self":[{"href":"https:\/\/flameofflower.md\/en\/wp-json\/wp\/v2\/pages\/1184","targetHints":{"allow":["GET"]}}],"collection":[{"href":"https:\/\/flameofflower.md\/en\/wp-json\/wp\/v2\/pages"}],"about":[{"href":"https:\/\/flameofflower.md\/en\/wp-json\/wp\/v2\/types\/page"}],"author":[{"embeddable":true,"href":"https:\/\/flameofflower.md\/en\/wp-json\/wp\/v2\/users\/1"}],"replies":[{"embeddable":true,"href":"https:\/\/flameofflower.md\/en\/wp-json\/wp\/v2\/comments?post=1184"}],"version-history":[{"count":4,"href":"https:\/\/flameofflower.md\/en\/wp-json\/wp\/v2\/pages\/1184\/revisions"}],"predecessor-version":[{"id":1188,"href":"https:\/\/flameofflower.md\/en\/wp-json\/wp\/v2\/pages\/1184\/revisions\/1188"}],"wp:attachment":[{"href":"https:\/\/flameofflower.md\/en\/wp-json\/wp\/v2\/media?parent=1184"}],"curies":[{"name":"wp","href":"https:\/\/api.w.org\/{rel}","templated":true}]}}